{"id":2707,"date":"2018-05-01T00:25:26","date_gmt":"2018-05-01T00:25:26","guid":{"rendered":"http:\/\/gastronomidia.com.br\/2021\/?page_id=2707"},"modified":"2018-05-01T18:31:53","modified_gmt":"2018-05-01T18:31:53","slug":"calendario-gastronomico","status":"publish","type":"page","link":"https:\/\/gastronomidia.com.br\/2021\/calendario-gastronomico\/","title":{"rendered":"Calend\u00e1rio Gastron\u00f4mico"},"content":{"rendered":"<p>CALEND\u00c1RIO GASTRON\u00d4MICO &nbsp; APAS SHOW &nbsp; DE 7 A 10 DE MAIO Expo Center Norte &#8211;\u00a0S\u00e3o Paulo www.apasshow.com.br FENADOCE &nbsp; DE 30 DE MAIO A 17 DE JUNHO Pelotas \u2013\u00a0RS www.fenadoce.com.br FISPAL CAF\u00c9 &nbsp; DE 12 A 15 DE JUNHO Expo Center Norte \u2013\u00a0SP www.fispa <a href=\"https:\/\/gastronomidia.com.br\/2021\/calendario-gastronomico\/\" title=\"Read more on Calend\u00e1rio Gastron\u00f4mico\" class=\"more-link\">read more<\/a><\/p>\n","protected":false},"excerpt":{"rendered":"<p>CALEND\u00c1RIO GASTRON\u00d4MICO &nbsp; APAS SHOW &nbsp; DE 7 A 10 DE MAIO Expo Center Norte &#8211;\u00a0S\u00e3o Paulo www.apasshow.com.br FENADOCE &nbsp; DE 30 DE MAIO A 17 DE JUNHO Pelotas \u2013\u00a0RS www.fenadoce.com.br FISPAL CAF\u00c9 &nbsp; DE 12 A 15 DE JUNHO Expo Center Norte \u2013\u00a0SP www.fispa read more<\/p>\n","protected":false},"author":1,"featured_media":0,"parent":0,"menu_order":0,"comment_status":"closed","ping_status":"closed","template":"","meta":[],"_links":{"self":[{"href":"https:\/\/gastronomidia.com.br\/2021\/wp-json\/wp\/v2\/pages\/2707"}],"collection":[{"href":"https:\/\/gastronomidia.com.br\/2021\/wp-json\/wp\/v2\/pages"}],"about":[{"href":"https:\/\/gastronomidia.com.br\/2021\/wp-json\/wp\/v2\/types\/page"}],"author":[{"embeddable":true,"href":"https:\/\/gastronomidia.com.br\/2021\/wp-json\/wp\/v2\/users\/1"}],"replies":[{"embeddable":true,"href":"https:\/\/gastronomidia.com.br\/2021\/wp-json\/wp\/v2\/comments?post=2707"}],"version-history":[{"count":10,"href":"https:\/\/gastronomidia.com.br\/2021\/wp-json\/wp\/v2\/pages\/2707\/revisions"}],"predecessor-version":[{"id":2894,"href":"https:\/\/gastronomidia.com.br\/2021\/wp-json\/wp\/v2\/pages\/2707\/revisions\/2894"}],"wp:attachment":[{"href":"https:\/\/gastronomidia.com.br\/2021\/wp-json\/wp\/v2\/media?parent=2707"}],"curies":[{"name":"wp","href":"https:\/\/api.w.org\/{rel}","templated":true}]}}