{"id":2704,"date":"2018-05-01T00:22:01","date_gmt":"2018-05-01T00:22:01","guid":{"rendered":"http:\/\/gastronomidia.com.br\/2021\/?page_id=2704"},"modified":"2018-06-21T03:41:50","modified_gmt":"2018-06-21T03:41:50","slug":"educacao-e-cursos","status":"publish","type":"page","link":"https:\/\/gastronomidia.com.br\/2021\/educacao-e-cursos\/","title":{"rendered":"Educa\u00e7\u00e3o e Cursos"},"content":{"rendered":"<p>Fazer uma faculdade \u00e9 o sonho de muita gente \u2013 e mesmo quem j\u00e1 tem um diploma em m\u00e3os, deseja fazer uma especializa\u00e7\u00e3o ou algum outro tipo de curso que aprimore o conhecimento. E mais do que uma paix\u00e3o pela informa\u00e7\u00e3o, o mercado superconcorrido pede isso e sai na frente quem possui o melhor curr\u00edculo e sabe aplicar tudo o que aprendeu na pr\u00e1tica. Por isso, no post de hoje a gente te mostra quais s\u00e3o os\u00a0<strong>melhores cursos de gastronomia do Brasil<\/strong>, segundo a \u00faltima atualiza\u00e7\u00e3o do MEC*.<\/p>\n<p>Periodicamente, o\u00a0<strong>Minist\u00e9rio da Educa\u00e7\u00e3o realiza um ranking das institui\u00e7\u00f5es e cursos<\/strong>\u00a0de todo o pa\u00eds e leva em considera\u00e7\u00e3o alguns indicadores, como o desempenho do aluno no Exame Nacional de Desempenho dos Estudantes (Enade), infraestrutura da institui\u00e7\u00e3o e qualifica\u00e7\u00e3o dos professores. A partir destes crit\u00e9rios, todos os cursos avaliados recebem um \u2018<strong>Conceito Preliminar de Curso<\/strong>\u2019 \u2013 uma esp\u00e9cie de nota que qualifica a institui\u00e7\u00e3o e a torna apta ou n\u00e3o para o desempenho das atividades. Quanto mais pr\u00f3ximo de 5, melhor \u00e9 o curso segundo a avalia\u00e7\u00e3o do MEC.<\/p>\n<p>E \u00e9 nestes dados do\u00a0<strong>\u00faltimo ranking do MEC<\/strong>\u00a0que a gente se baseou para criar esta<strong>\u00a0lista de melhores cursos de gastronomia do Brasil<\/strong>. Infelizmente, nenhuma institui\u00e7\u00e3o conseguiu abocanhar a nota 5, mas muitas delas j\u00e1 possuem conceito 4 \u2013 o que j\u00e1 \u00e9 \u00f3timo e representa uma boa qualidade de ensino superior.<\/p>\n<h2><strong>Melhores cursos de gastronomia do Brasil, segundo o MEC<\/strong><\/h2>\n<p>Na lista oficial, existem muitos cursos bem avaliados, mas como n\u00e3o conseguir\u00edamos falar de todas num mesmo post, elencamos aquelas que j\u00e1 t\u00eam tradi\u00e7\u00e3o e que est\u00e3o situadas em grandes capitais do pa\u00eds. Confira!<\/p>\n<h3><strong>PUCPR<\/strong><\/h3>\n<p><img loading=\"lazy\" class=\"alignnone wp-image-8007 size-full\" title=\"melhores-cursos-de-gastronomia-do-brasil-puc\" src=\"https:\/\/www.luvgourmet.com.br\/wp-content\/uploads\/2017\/03\/melhores-cursos-de-gastronomia-do-brasil-puc.png\" sizes=\"(max-width: 700px) 100vw, 700px\" srcset=\"https:\/\/luvgourmet.com.br\/wp-content\/uploads\/2017\/03\/melhores-cursos-de-gastronomia-do-brasil-puc.png 700w, https:\/\/luvgourmet.com.br\/wp-content\/uploads\/2017\/03\/melhores-cursos-de-gastronomia-do-brasil-puc-296x121.png 296w, https:\/\/luvgourmet.com.br\/wp-content\/uploads\/2017\/03\/melhores-cursos-de-gastronomia-do-brasil-puc-300x123.png 300w\" alt=\"melhores-cursos-de-gastronomia-do-brasil-puc\" width=\"700\" height=\"288\" \/><\/p>\n<p>A\u00a0<strong>Pontif\u00edcia Universidade Cat\u00f3lica do Paran\u00e1<\/strong>\u00a0iniciou suas atividades em 1958 e \u00e9 uma das institui\u00e7\u00f5es mais tradicionais do estado. Situada em Curitiba, ela oferece diferentes tipos de cursos, entre eles, claro, o de\u00a0<strong>Tecnologia em Gastronomia<\/strong>\u00a0\u2013 pioneiro na regi\u00e3o e que oferece um diploma reconhecido no Brasil e no exterior. Para um aprendizado completo do aluno, a PUCPR oferece uma cozinha did\u00e1tica moderna, biblioteca com um \u00f3timo acervo bibliogr\u00e1fico espec\u00edfico do curso, al\u00e9m de laborat\u00f3rios de bioqu\u00edmica.<\/p>\n<p>Quem faz o\u00a0<strong>curso de Tecnologia em Gastronomia da PUCPR<\/strong>\u00a0estar\u00e1 apto para atuar em diferentes ramos da alimenta\u00e7\u00e3o, como, por exemplo, restaurantes, hospitais e cozinhas industriais. Vale lembrar que o profissional tamb\u00e9m estar\u00e1 apto a montar um neg\u00f3cio pr\u00f3prio no ramo gastron\u00f4mico. Visite a p\u00e1gina do curso\u00a0<a href=\"http:\/\/www.pucpr.br\/tecnologos\/gastronomia\/\" target=\"_blank\" rel=\"noopener\">aqui<\/a>.<\/p>\n<p><iframe src=\"https:\/\/www.youtube.com\/embed\/GCBMb56o4lg\" width=\"700\" height=\"394\" frameborder=\"0\" allowfullscreen=\"allowfullscreen\" data-mce-fragment=\"1\"><\/iframe><\/p>\n<h3><strong>Unisinos S\u00e3o Leopoldo<\/strong><\/h3>\n<p><img loading=\"lazy\" class=\"alignnone wp-image-8008 size-full\" title=\"melhores-cursos-de-gastronomia-do-brasil-unisinos\" src=\"https:\/\/www.luvgourmet.com.br\/wp-content\/uploads\/2017\/03\/melhores-cursos-de-gastronomia-do-brasil-unisinos.png\" sizes=\"(max-width: 700px) 100vw, 700px\" srcset=\"https:\/\/luvgourmet.com.br\/wp-content\/uploads\/2017\/03\/melhores-cursos-de-gastronomia-do-brasil-unisinos.png 700w, https:\/\/luvgourmet.com.br\/wp-content\/uploads\/2017\/03\/melhores-cursos-de-gastronomia-do-brasil-unisinos-296x121.png 296w, https:\/\/luvgourmet.com.br\/wp-content\/uploads\/2017\/03\/melhores-cursos-de-gastronomia-do-brasil-unisinos-300x123.png 300w\" alt=\"melhores-cursos-de-gastronomia-do-brasil-unisinos\" width=\"700\" height=\"288\" \/><\/p>\n<p>Com quase 50 anos de tradi\u00e7\u00e3o, a<strong>\u00a0Unisinos<\/strong>\u00a0\u00e9 uma institui\u00e7\u00e3o situada no Rio Grande do Sul e que possui polos de educa\u00e7\u00e3o \u00e0 dist\u00e2ncia nos outros dois estados da regi\u00e3o Sul, al\u00e9m de S\u00e3o Paulo e Minais Gerais. No campus S\u00e3o Leopoldo (RS), especificamente, \u00e9 onde est\u00e1 o\u00a0<strong>curso de Tecnologia em Gastronomia de conceito 4 no MEC<\/strong>. Neste curso, o aluno fica preparado para encarar diferentes \u00e1reas gastron\u00f4micas do mercado e ainda tem a possibilidade de fazer interc\u00e2mbio internacional gra\u00e7as \u00e0s parcerias que a Unisinos mant\u00e9m com escolas estrangeiras. Visite a p\u00e1gina do curso\u00a0<a href=\"http:\/\/www.unisinos.br\/graduacao\/gastronomia\/presencial\/sao-leopoldo\" target=\"_blank\" rel=\"noopener\">aqui<\/a>.<\/p>\n<p><iframe src=\"https:\/\/www.youtube.com\/embed\/4EN_eNsadRk\" width=\"700\" height=\"394\" frameborder=\"0\" allowfullscreen=\"allowfullscreen\" data-mce-fragment=\"1\"><\/iframe><\/p>\n<h3><strong>Est\u00e1cio de S\u00e1<\/strong><\/h3>\n<p><img loading=\"lazy\" class=\"alignnone wp-image-8006 size-full\" title=\"melhores-cursos-de-gastronomia-do-brasil-estacio-de-sa\" src=\"https:\/\/www.luvgourmet.com.br\/wp-content\/uploads\/2017\/03\/melhores-cursos-de-gastronomia-do-brasil-estacio-de-sa.png\" sizes=\"(max-width: 700px) 100vw, 700px\" srcset=\"https:\/\/luvgourmet.com.br\/wp-content\/uploads\/2017\/03\/melhores-cursos-de-gastronomia-do-brasil-estacio-de-sa.png 700w, https:\/\/luvgourmet.com.br\/wp-content\/uploads\/2017\/03\/melhores-cursos-de-gastronomia-do-brasil-estacio-de-sa-296x121.png 296w, https:\/\/luvgourmet.com.br\/wp-content\/uploads\/2017\/03\/melhores-cursos-de-gastronomia-do-brasil-estacio-de-sa-300x123.png 300w\" alt=\"melhores-cursos-de-gastronomia-do-brasil-estacio-de-sa\" width=\"700\" height=\"288\" \/><\/p>\n<p>A\u00a0<strong>Est\u00e1cio de S\u00e1<\/strong>\u00a0nasceu na cidade do Rio de Janeiro, em 1970, mas atualmente a institui\u00e7\u00e3o possui polos em outros estados e cidades fluminenses. O\u00a0<strong>curso de gastronomia<\/strong>, especificamente, est\u00e1 localizado no campus Rio de Janeiro e por l\u00e1 o aluno vai aprender diferentes tipos de t\u00e9cnicas do ramo aliment\u00edcio, usando, para isso, laborat\u00f3rios de ponta e totalmente equipados. Ao final do curso, claro, o profissional estar\u00e1 preparado para atuar em diferentes segmentos e ainda ter total dom\u00ednio de diferentes tipos de ingredientes. Visite a p\u00e1gina do curso\u00a0<a href=\"http:\/\/2021.estacio.br\/graduacao\/Gastronomia\" target=\"_blank\" rel=\"noopener\">aqui<\/a>.<\/p>\n<h3><strong>Anhembi Morumbi<\/strong><\/h3>\n<p><img loading=\"lazy\" class=\"alignnone wp-image-8004 size-full\" title=\"melhores-cursos-de-gastronomia-do-brasil-anhembi-morumbi\" src=\"https:\/\/www.luvgourmet.com.br\/wp-content\/uploads\/2017\/03\/melhores-cursos-de-gastronomia-do-brasil-anhembi-morumbi.png\" sizes=\"(max-width: 700px) 100vw, 700px\" srcset=\"https:\/\/luvgourmet.com.br\/wp-content\/uploads\/2017\/03\/melhores-cursos-de-gastronomia-do-brasil-anhembi-morumbi.png 700w, https:\/\/luvgourmet.com.br\/wp-content\/uploads\/2017\/03\/melhores-cursos-de-gastronomia-do-brasil-anhembi-morumbi-296x121.png 296w, https:\/\/luvgourmet.com.br\/wp-content\/uploads\/2017\/03\/melhores-cursos-de-gastronomia-do-brasil-anhembi-morumbi-300x123.png 300w\" alt=\"melhores-cursos-de-gastronomia-do-brasil-anhembi-morumbi\" width=\"700\" height=\"288\" \/><\/p>\n<p>Assim como a Est\u00e1cio de S\u00e1, a\u00a0<strong>Universidade Anhembi Morumbi<\/strong>\u00a0iniciou as suas atividades na d\u00e9cada de 70 e hoje em dia \u00e9 uma das institui\u00e7\u00f5es mais tradicionais de S\u00e3o Paulo. O\u00a0<strong>curso de gastronomia da UAM<\/strong>\u00a0tem dura\u00e7\u00e3o de dois anos e possui a op\u00e7\u00e3o de aprendizado \u00e0 dist\u00e2ncia ou presencial. Muitas das aulas s\u00e3o pr\u00e1ticas e s\u00e3o realizadas em uma infraestrutura impec\u00e1vel \u2013 ao todo, s\u00e3o 15 cozinhas did\u00e1ticas, al\u00e9m de uma cozinha de demonstra\u00e7\u00e3o destinada a p\u00fablicos maiores, de at\u00e9 80 pessoas. Visite a p\u00e1gina do curso\u00a0<a href=\"http:\/\/2021.anhembi.br\/cursos\/tecnologia-em-gastronomia\/#sobre\" target=\"_blank\" rel=\"noopener\">aqui<\/a>.<\/p>\n<p><iframe src=\"https:\/\/www.youtube.com\/embed\/6LHW8Povdlo\" width=\"700\" height=\"394\" frameborder=\"0\" allowfullscreen=\"allowfullscreen\" data-mce-fragment=\"1\"><\/iframe><\/p>\n<h3><strong>Mackenzie<\/strong><\/h3>\n<p><img loading=\"lazy\" class=\"alignnone wp-image-8003 size-full\" title=\"melhores-cursos-de-gastronomia-do-brasil\" src=\"https:\/\/www.luvgourmet.com.br\/wp-content\/uploads\/2017\/03\/melhores-cursos-de-gastronomia-do-brasil.png\" sizes=\"(max-width: 700px) 100vw, 700px\" srcset=\"https:\/\/luvgourmet.com.br\/wp-content\/uploads\/2017\/03\/melhores-cursos-de-gastronomia-do-brasil.png 700w, https:\/\/luvgourmet.com.br\/wp-content\/uploads\/2017\/03\/melhores-cursos-de-gastronomia-do-brasil-296x121.png 296w, https:\/\/luvgourmet.com.br\/wp-content\/uploads\/2017\/03\/melhores-cursos-de-gastronomia-do-brasil-300x123.png 300w\" alt=\"melhores-cursos-de-gastronomia-do-brasil\" width=\"700\" height=\"288\" \/><\/p>\n<p>Com mais de 100 anos de tradi\u00e7\u00e3o, a\u00a0<strong>Universidade Presbiteriana Mackenzie<\/strong>\u00a0nasceu em S\u00e3o Paulo, mas hoje tem polos de gradua\u00e7\u00e3o em outras cidades paulistas, al\u00e9m de estar presente em Bras\u00edlia, Recife e Rio de Janeiro. O<strong>\u00a0curso de tecnologia em Gastronomia<\/strong>\u00a0da institui\u00e7\u00e3o busca trazer ao aluno conceitos t\u00e9cnicos sobre alimenta\u00e7\u00e3o e bebidas, al\u00e9m de apresentar\u00a0<strong>conceitos sobre seguran\u00e7a alimentar e gest\u00e3o gastron\u00f4mica<\/strong>. A Mackenzie possui, ainda, parcerias com escolas internacionais para que voc\u00ea possa fazer um interc\u00e2mbio; programas de pesquisa cient\u00edfica para complementar a gradua\u00e7\u00e3o, al\u00e9m de outras atividades complementares. Visite a p\u00e1gina do curso\u00a0<a href=\"http:\/\/up.mackenzie.br\/graduacao\/sao-paulo\/tecnologia-em-gastronomia\/\" target=\"_blank\" rel=\"noopener\">aqui<\/a>.<\/p>\n<p>Agora conta pra gente o que acha destas institui\u00e7\u00f5es que possuem os\u00a0<strong>melhores cursos de economia do Brasil<\/strong>. Inclusive, se voc\u00ea j\u00e1 estudou em alguma delas, deixe sua experi\u00eancia nos coment\u00e1rios!<\/p>\n<p>Fonte: LuvGourmet<\/p>\n","protected":false},"excerpt":{"rendered":"<p>Fazer uma faculdade \u00e9 o sonho de muita gente \u2013 e mesmo quem j\u00e1 tem um diploma em m\u00e3os, deseja fazer uma especializa\u00e7\u00e3o ou algum outro tipo de curso que aprimore o conhecimento. E mais do que uma paix\u00e3o pela informa\u00e7\u00e3o, o mercado superconcorrido pede isso e sai na frente quem possui o melhor curr\u00edculo &hellip;<\/p>\n","protected":false},"author":1,"featured_media":0,"parent":0,"menu_order":0,"comment_status":"closed","ping_status":"closed","template":"","meta":[],"_links":{"self":[{"href":"https:\/\/gastronomidia.com.br\/2021\/wp-json\/wp\/v2\/pages\/2704"}],"collection":[{"href":"https:\/\/gastronomidia.com.br\/2021\/wp-json\/wp\/v2\/pages"}],"about":[{"href":"https:\/\/gastronomidia.com.br\/2021\/wp-json\/wp\/v2\/types\/page"}],"author":[{"embeddable":true,"href":"https:\/\/gastronomidia.com.br\/2021\/wp-json\/wp\/v2\/users\/1"}],"replies":[{"embeddable":true,"href":"https:\/\/gastronomidia.com.br\/2021\/wp-json\/wp\/v2\/comments?post=2704"}],"version-history":[{"count":4,"href":"https:\/\/gastronomidia.com.br\/2021\/wp-json\/wp\/v2\/pages\/2704\/revisions"}],"predecessor-version":[{"id":2720,"href":"https:\/\/gastronomidia.com.br\/2021\/wp-json\/wp\/v2\/pages\/2704\/revisions\/2720"}],"wp:attachment":[{"href":"https:\/\/gastronomidia.com.br\/2021\/wp-json\/wp\/v2\/media?parent=2704"}],"curies":[{"name":"wp","href":"https:\/\/api.w.org\/{rel}","templated":true}]}}