{"id":2698,"date":"2018-05-01T00:20:37","date_gmt":"2018-05-01T00:20:37","guid":{"rendered":"http:\/\/gastronomidia.com.br\/2021\/?page_id=2698"},"modified":"2018-06-21T04:08:49","modified_gmt":"2018-06-21T04:08:49","slug":"anuncie-conosco","status":"publish","type":"page","link":"https:\/\/gastronomidia.com.br\/2021\/anuncie-conosco\/","title":{"rendered":"Anuncie Conosco"},"content":{"rendered":"<h1 class=\"entry-title\" style=\"text-align: left;\"><span style=\"color: #000000;\">GastronoM\u00eddia: Uma parceria de sucesso para seu neg\u00f3cio!<\/span><\/h1>\n<p style=\"text-align: left;\">Anunciar no GastronoM\u00eddia \u00e9 mais do que simplesmente inserir um banner em nosso site. Se voc\u00ea se identificou com nosso projeto, n\u00f3s precisamos conversar!<\/p>\n<p style=\"text-align: left;\">Nosso programa de an\u00fancios busca parceiros para divulga\u00e7\u00e3o de produtos e servi\u00e7os que interessem ao nosso p\u00fablico. Estamos prontos para discutir a melhor forma de inserir sua marca em nossa Plataforma, e juntos podemos criar uma campanha que traga os melhores benef\u00edcios para voc\u00ea e seu neg\u00f3cio.<\/p>\n<p style=\"text-align: left;\">Envie-nos sua proposta para\u00a0<strong><a href=\"mailto:contato@gastronomidia.com.br\" target=\"_blank\" rel=\"noopener\">contato@gastronomidia.com.br<\/a><\/strong>, ou solicite uma proposta dentro de suas expectativas. Estamos ansiosos para receber seu e-mail e trabalhar seu produto\/servi\u00e7o aqui no GastronoM\u00eddia.<\/p>\n","protected":false},"excerpt":{"rendered":"<p>GastronoM\u00eddia: Uma parceria de sucesso para seu neg\u00f3cio! Anunciar no GastronoM\u00eddia \u00e9 mais do que simplesmente inserir um banner em nosso site. Se voc\u00ea se identificou com nosso projeto, n\u00f3s precisamos conversar! Nosso programa de an\u00fancios busca parceiros para divulga\u00e7\u00e3o de produtos e servi\u00e7os que interessem ao nosso p\u00fablico. Estamos prontos para discutir a melhor &hellip;<\/p>\n","protected":false},"author":1,"featured_media":0,"parent":0,"menu_order":0,"comment_status":"closed","ping_status":"closed","template":"","meta":[],"_links":{"self":[{"href":"https:\/\/gastronomidia.com.br\/2021\/wp-json\/wp\/v2\/pages\/2698"}],"collection":[{"href":"https:\/\/gastronomidia.com.br\/2021\/wp-json\/wp\/v2\/pages"}],"about":[{"href":"https:\/\/gastronomidia.com.br\/2021\/wp-json\/wp\/v2\/types\/page"}],"author":[{"embeddable":true,"href":"https:\/\/gastronomidia.com.br\/2021\/wp-json\/wp\/v2\/users\/1"}],"replies":[{"embeddable":true,"href":"https:\/\/gastronomidia.com.br\/2021\/wp-json\/wp\/v2\/comments?post=2698"}],"version-history":[{"count":6,"href":"https:\/\/gastronomidia.com.br\/2021\/wp-json\/wp\/v2\/pages\/2698\/revisions"}],"predecessor-version":[{"id":2845,"href":"https:\/\/gastronomidia.com.br\/2021\/wp-json\/wp\/v2\/pages\/2698\/revisions\/2845"}],"wp:attachment":[{"href":"https:\/\/gastronomidia.com.br\/2021\/wp-json\/wp\/v2\/media?parent=2698"}],"curies":[{"name":"wp","href":"https:\/\/api.w.org\/{rel}","templated":true}]}}