{"id":2669,"date":"2018-04-28T18:35:43","date_gmt":"2018-04-28T18:35:43","guid":{"rendered":"http:\/\/gastronomidia.com.br\/2021\/?page_id=2669"},"modified":"2018-08-30T14:57:46","modified_gmt":"2018-08-30T14:57:46","slug":"parceiros","status":"publish","type":"page","link":"https:\/\/gastronomidia.com.br\/2021\/parceiros\/","title":{"rendered":"Parceiros"},"content":{"rendered":"<h2 style=\"text-align: center;\"><strong>Parceiros<\/strong><\/h2>\n<p style=\"text-align: center;\">Estas s\u00e3o as empresas e entidades que acreditam na import\u00e2ncia do nosso trabalho e nos apoiam desde o in\u00edcio na formata\u00e7\u00e3o deste Projeto. A elas, nossa imensa gratid\u00e3o, pois sem esse apoio n\u00e3o ter\u00edamos como transformar esse sonho antigo em realidade.<\/p>\n<p style=\"text-align: center;\">Se voc\u00ea ou sua empresa tamb\u00e9m acredita e se identifica com a Multiplataforma GastronoM\u00eddia, entre em contato conosco e venha fazer parte desta fam\u00edlia<\/p>\n<p style=\"text-align: center;\">Estamos abertos para novas propostas e parcerias que se encaixam com nossas id\u00e9ias.<\/p>\n<p><img loading=\"lazy\" class=\"wp-image-2678 size-thumbnail alignleft\" src=\"http:\/\/gastronomidia.com.br\/2021\/wp-content\/uploads\/2018\/04\/gastronomidia_parceiro_merc_cuca-190x190.jpg\" alt=\"\" width=\"190\" height=\"190\" srcset=\"https:\/\/gastronomidia.com.br\/2021\/wp-content\/uploads\/2018\/04\/gastronomidia_parceiro_merc_cuca-190x190.jpg 190w, https:\/\/gastronomidia.com.br\/2021\/wp-content\/uploads\/2018\/04\/gastronomidia_parceiro_merc_cuca-150x150.jpg 150w, https:\/\/gastronomidia.com.br\/2021\/wp-content\/uploads\/2018\/04\/gastronomidia_parceiro_merc_cuca.jpg 300w\" sizes=\"(max-width: 190px) 100vw, 190px\" \/> <img loading=\"lazy\" class=\"wp-image-2679 size-thumbnail alignleft\" src=\"http:\/\/gastronomidia.com.br\/2021\/wp-content\/uploads\/2018\/04\/gastronomidia_parceiro_mercnews-190x190.jpg\" alt=\"\" width=\"190\" height=\"190\" srcset=\"https:\/\/gastronomidia.com.br\/2021\/wp-content\/uploads\/2018\/04\/gastronomidia_parceiro_mercnews-190x190.jpg 190w, https:\/\/gastronomidia.com.br\/2021\/wp-content\/uploads\/2018\/04\/gastronomidia_parceiro_mercnews-150x150.jpg 150w, https:\/\/gastronomidia.com.br\/2021\/wp-content\/uploads\/2018\/04\/gastronomidia_parceiro_mercnews.jpg 300w\" sizes=\"(max-width: 190px) 100vw, 190px\" \/> <img loading=\"lazy\" class=\"wp-image-2677 size-thumbnail alignleft\" src=\"http:\/\/gastronomidia.com.br\/2021\/wp-content\/uploads\/2018\/04\/gastronomidia_parceiro_imidia-190x190.jpg\" alt=\"\" width=\"190\" height=\"190\" srcset=\"https:\/\/gastronomidia.com.br\/2021\/wp-content\/uploads\/2018\/04\/gastronomidia_parceiro_imidia-190x190.jpg 190w, https:\/\/gastronomidia.com.br\/2021\/wp-content\/uploads\/2018\/04\/gastronomidia_parceiro_imidia-150x150.jpg 150w, https:\/\/gastronomidia.com.br\/2021\/wp-content\/uploads\/2018\/04\/gastronomidia_parceiro_imidia.jpg 300w\" sizes=\"(max-width: 190px) 100vw, 190px\" \/> <img loading=\"lazy\" class=\"wp-image-2673 size-thumbnail alignleft\" src=\"http:\/\/gastronomidia.com.br\/2021\/wp-content\/uploads\/2018\/04\/gastronomidia_parceiro_revista_dia_melhor-190x190.jpg\" alt=\"\" width=\"190\" height=\"190\" srcset=\"https:\/\/gastronomidia.com.br\/2021\/wp-content\/uploads\/2018\/04\/gastronomidia_parceiro_revista_dia_melhor-190x190.jpg 190w, https:\/\/gastronomidia.com.br\/2021\/wp-content\/uploads\/2018\/04\/gastronomidia_parceiro_revista_dia_melhor-150x150.jpg 150w, https:\/\/gastronomidia.com.br\/2021\/wp-content\/uploads\/2018\/04\/gastronomidia_parceiro_revista_dia_melhor.jpg 300w\" sizes=\"(max-width: 190px) 100vw, 190px\" \/><\/p>\n<p><img loading=\"lazy\" class=\"wp-image-2674 size-thumbnail alignleft\" src=\"http:\/\/gastronomidia.com.br\/2021\/wp-content\/uploads\/2018\/04\/gastronomidia_parceiro_uniellas-190x190.jpg\" alt=\"\" width=\"190\" height=\"190\" srcset=\"https:\/\/gastronomidia.com.br\/2021\/wp-content\/uploads\/2018\/04\/gastronomidia_parceiro_uniellas-190x190.jpg 190w, https:\/\/gastronomidia.com.br\/2021\/wp-content\/uploads\/2018\/04\/gastronomidia_parceiro_uniellas-150x150.jpg 150w, https:\/\/gastronomidia.com.br\/2021\/wp-content\/uploads\/2018\/04\/gastronomidia_parceiro_uniellas.jpg 300w\" sizes=\"(max-width: 190px) 100vw, 190px\" \/><\/p>\n<p><img loading=\"lazy\" class=\"size-full wp-image-3327 alignleft\" src=\"http:\/\/gastronomidia.com.br\/2021\/wp-content\/uploads\/2018\/08\/Logo-Richardo-Cheles-novo-1.png\" alt=\"\" width=\"190\" height=\"190\" srcset=\"https:\/\/gastronomidia.com.br\/2021\/wp-content\/uploads\/2018\/08\/Logo-Richardo-Cheles-novo-1.png 190w, https:\/\/gastronomidia.com.br\/2021\/wp-content\/uploads\/2018\/08\/Logo-Richardo-Cheles-novo-1-150x150.png 150w\" sizes=\"(max-width: 190px) 100vw, 190px\" \/><img loading=\"lazy\" class=\"wp-image-2695 size-thumbnail alignleft\" src=\"http:\/\/gastronomidia.com.br\/2021\/wp-content\/uploads\/2018\/04\/gastronomidia_parceiro_adrocket-190x190.jpg\" alt=\"\" width=\"190\" height=\"190\" srcset=\"https:\/\/gastronomidia.com.br\/2021\/wp-content\/uploads\/2018\/04\/gastronomidia_parceiro_adrocket-190x190.jpg 190w, https:\/\/gastronomidia.com.br\/2021\/wp-content\/uploads\/2018\/04\/gastronomidia_parceiro_adrocket-150x150.jpg 150w, https:\/\/gastronomidia.com.br\/2021\/wp-content\/uploads\/2018\/04\/gastronomidia_parceiro_adrocket.jpg 300w\" sizes=\"(max-width: 190px) 100vw, 190px\" \/><img loading=\"lazy\" class=\"size-full wp-image-3328 alignleft\" src=\"http:\/\/gastronomidia.com.br\/2021\/wp-content\/uploads\/2018\/08\/logo-abc-do-abc-2.png\" alt=\"\" width=\"190\" height=\"190\" srcset=\"https:\/\/gastronomidia.com.br\/2021\/wp-content\/uploads\/2018\/08\/logo-abc-do-abc-2.png 190w, https:\/\/gastronomidia.com.br\/2021\/wp-content\/uploads\/2018\/08\/logo-abc-do-abc-2-150x150.png 150w\" sizes=\"(max-width: 190px) 100vw, 190px\" \/><img loading=\"lazy\" class=\"wp-image-2672 size-thumbnail alignleft\" src=\"http:\/\/gastronomidia.com.br\/2021\/wp-content\/uploads\/2018\/04\/gastronomidia_parceiro_rede_midia-190x190.jpg\" alt=\"\" width=\"190\" height=\"190\" srcset=\"https:\/\/gastronomidia.com.br\/2021\/wp-content\/uploads\/2018\/04\/gastronomidia_parceiro_rede_midia-190x190.jpg 190w, https:\/\/gastronomidia.com.br\/2021\/wp-content\/uploads\/2018\/04\/gastronomidia_parceiro_rede_midia-150x150.jpg 150w, https:\/\/gastronomidia.com.br\/2021\/wp-content\/uploads\/2018\/04\/gastronomidia_parceiro_rede_midia.jpg 300w\" sizes=\"(max-width: 190px) 100vw, 190px\" \/><br \/>\n<img loading=\"lazy\" class=\"wp-image-2671 size-thumbnail alignleft\" src=\"http:\/\/gastronomidia.com.br\/2021\/wp-content\/uploads\/2018\/04\/gastronomidia_parceiro_promolegis-190x190.jpg\" alt=\"\" width=\"190\" height=\"190\" srcset=\"https:\/\/gastronomidia.com.br\/2021\/wp-content\/uploads\/2018\/04\/gastronomidia_parceiro_promolegis-190x190.jpg 190w, https:\/\/gastronomidia.com.br\/2021\/wp-content\/uploads\/2018\/04\/gastronomidia_parceiro_promolegis-150x150.jpg 150w, https:\/\/gastronomidia.com.br\/2021\/wp-content\/uploads\/2018\/04\/gastronomidia_parceiro_promolegis.jpg 300w\" sizes=\"(max-width: 190px) 100vw, 190px\" \/><\/p>\n","protected":false},"excerpt":{"rendered":"<p>Parceiros Estas s\u00e3o as empresas e entidades que acreditam na import\u00e2ncia do nosso trabalho e nos apoiam desde o in\u00edcio na formata\u00e7\u00e3o deste Projeto. A elas, nossa imensa gratid\u00e3o, pois sem esse apoio n\u00e3o ter\u00edamos como transformar esse sonho antigo em realidade. Se voc\u00ea ou sua empresa tamb\u00e9m acredita e se identifica com a Multiplataforma &hellip;<\/p>\n","protected":false},"author":1,"featured_media":0,"parent":0,"menu_order":0,"comment_status":"closed","ping_status":"closed","template":"","meta":[],"_links":{"self":[{"href":"https:\/\/gastronomidia.com.br\/2021\/wp-json\/wp\/v2\/pages\/2669"}],"collection":[{"href":"https:\/\/gastronomidia.com.br\/2021\/wp-json\/wp\/v2\/pages"}],"about":[{"href":"https:\/\/gastronomidia.com.br\/2021\/wp-json\/wp\/v2\/types\/page"}],"author":[{"embeddable":true,"href":"https:\/\/gastronomidia.com.br\/2021\/wp-json\/wp\/v2\/users\/1"}],"replies":[{"embeddable":true,"href":"https:\/\/gastronomidia.com.br\/2021\/wp-json\/wp\/v2\/comments?post=2669"}],"version-history":[{"count":15,"href":"https:\/\/gastronomidia.com.br\/2021\/wp-json\/wp\/v2\/pages\/2669\/revisions"}],"predecessor-version":[{"id":3329,"href":"https:\/\/gastronomidia.com.br\/2021\/wp-json\/wp\/v2\/pages\/2669\/revisions\/3329"}],"wp:attachment":[{"href":"https:\/\/gastronomidia.com.br\/2021\/wp-json\/wp\/v2\/media?parent=2669"}],"curies":[{"name":"wp","href":"https:\/\/api.w.org\/{rel}","templated":true}]}}